{"id":12,"date":"2025-07-22T00:26:32","date_gmt":"2025-07-22T00:26:32","guid":{"rendered":"https:\/\/neurocleans.com\/?page_id=12"},"modified":"2025-07-22T23:55:53","modified_gmt":"2025-07-22T23:55:53","slug":"que-nos-distingue","status":"publish","type":"page","link":"https:\/\/neurocleans.com\/index.php\/que-nos-distingue\/","title":{"rendered":"\u00bfQu\u00e9 nos Distingue?"},"content":{"rendered":"\t\t<div data-elementor-type=\"wp-page\" data-elementor-id=\"12\" class=\"elementor elementor-12\">\n\t\t\t\t<div class=\"elementor-element elementor-element-678218b e-flex e-con-boxed e-con e-parent\" data-id=\"678218b\" data-element_type=\"container\">\n\t\t\t\t\t<div class=\"e-con-inner\">\n\t\t\t\t<div class=\"elementor-element elementor-element-2f08501d elementor-widget elementor-widget-text-editor\" data-id=\"2f08501d\" data-element_type=\"widget\" data-widget_type=\"text-editor.default\">\n\t\t\t\t\t\t\t\t\t\n<p>.<\/p>\n\t\t\t\t\t\t\t\t<\/div>\n\t\t\t\t\t<\/div>\n\t\t\t\t<\/div>\n\t\t<div class=\"elementor-element elementor-element-57a561b e-flex e-con-boxed e-con e-parent\" data-id=\"57a561b\" data-element_type=\"container\">\n\t\t\t\t\t<div class=\"e-con-inner\">\n\t\t\t\t<div class=\"elementor-element elementor-element-820e4bf elementor-widget elementor-widget-text-editor\" data-id=\"820e4bf\" data-element_type=\"widget\" data-widget_type=\"text-editor.default\">\n\t\t\t\t\t\t\t\t\t<p><span style=\"color: #00ccff;\">En <strong>NeuroClean<\/strong>, no solo limpiamos espacios. Transformamos entornos para elevar el bienestar, la productividad y la imagen de cada organizaci\u00f3n que conf\u00eda en nosotros. Nuestra propuesta se basa en una combinaci\u00f3n \u00fanica de est\u00e1ndares internacionales, innovaci\u00f3n tecnol\u00f3gica y un profundo compromiso con la salud ambiental y emocional de nuestros clientes.<\/span><\/p>\n<h4><span style=\"color: #00ccff;\">1.Base Internacional, Enfoque Local<\/span><\/h4>\n<p><span style=\"color: #00ccff;\"><!-- \/wp:list --><!-- wp:paragraph --><\/span><\/p>\n<p><span style=\"color: #00ccff;\">Nuestra empresa tiene base en Estados Unidos, lo que nos permite aplicar protocolos globales de limpieza, pero adaptados a la realidad y necesidades del mercado chileno.<\/span><\/p>\n<h4><span style=\"color: #00ccff;\">2.Enfoque en Bienestar y Productividad<\/span><\/h4>\n<p><span style=\"color: #00ccff;\"><!-- \/wp:list --><!-- wp:paragraph --><\/span><\/p>\n<p><span style=\"color: #00ccff;\">Creemos que la limpieza impacta directamente en el estado emocional, la concentraci\u00f3n y la eficiencia del equipo humano. Nuestros servicios est\u00e1n dise\u00f1ados para generar orden, claridad y armon\u00eda.<\/span><\/p>\n<h4><span style=\"color: #00ccff;\">3.Uso de Tecnolog\u00eda y Maquinaria Avanzada<\/span><\/h4>\n<p><span style=\"color: #00ccff;\"><!-- \/wp:list --><!-- wp:paragraph --><\/span><\/p>\n<p><span style=\"color: #00ccff;\">Utilizamos vapor, nebulizaci\u00f3n, maquinaria rotativa, desinfecci\u00f3n ULV, y m\u00e1s. Esto nos permite ofrecer soluciones r\u00e1pidas, eficaces y sostenibles. <\/span><\/p>\n<h4><span style=\"color: #00ccff;\">4-Protocolos Estandarizados y Medibles<\/span><\/h4>\n<p><span style=\"color: #00ccff;\"><!-- \/wp:list --><!-- wp:paragraph --><\/span><\/p>\n<p><span style=\"color: #00ccff;\">Cada servicio cuenta con checklists, supervisi\u00f3n y reportes claros, lo que garantiza cumplimiento y calidad en cada intervenci\u00f3n.<\/span><\/p>\n<h4><span style=\"color: #00ccff;\"><strong>5.Flexibilidad Operativa<\/strong><\/span><\/h4>\n<p><span style=\"color: #00ccff;\"><!-- \/wp:list --><!-- wp:paragraph --><\/span><\/p>\n<p><span style=\"color: #00ccff;\">Nos adaptamos a los horarios de operaci\u00f3n de cada cliente, incluyendo turnos nocturnos, fines de semana o atenci\u00f3n urgente, sin interrumpir la continuidad del negocio.<\/span><\/p>\n<h4><span style=\"color: #00ccff;\">6.Compromiso Social y Ecol\u00f3gico<\/span><\/h4>\n<p><span style=\"color: #00ccff;\"><!-- \/wp:list --><!-- wp:paragraph --><\/span><\/p>\n<p><span style=\"color: #00ccff;\">Trabajamos con productos certificados y amigables con el medioambiente. Adem\u00e1s, parte de nuestros ingresos se destinan a proyectos sociales en Chile, como apoyo a j\u00f3venes en riesgo.<\/span><\/p>\n<p><!-- \/wp:paragraph --><\/p>\t\t\t\t\t\t\t\t<\/div>\n\t\t\t\t\t<\/div>\n\t\t\t\t<\/div>\n\t\t\t\t<\/div>\n\t\t","protected":false},"excerpt":{"rendered":"<p>. En NeuroClean, no solo limpiamos espacios. Transformamos entornos para elevar el bienestar, la productividad y la imagen de cada organizaci\u00f3n que conf\u00eda en nosotros. Nuestra propuesta se basa en una combinaci\u00f3n \u00fanica de est\u00e1ndares internacionales, innovaci\u00f3n tecnol\u00f3gica y un profundo compromiso con la salud ambiental y emocional de nuestros clientes. 1.Base Internacional, Enfoque Local [&hellip;]<\/p>\n","protected":false},"author":2,"featured_media":0,"parent":0,"menu_order":0,"comment_status":"closed","ping_status":"closed","template":"elementor_header_footer","meta":{"footnotes":""},"class_list":["post-12","page","type-page","status-publish","hentry"],"_links":{"self":[{"href":"https:\/\/neurocleans.com\/index.php\/wp-json\/wp\/v2\/pages\/12","targetHints":{"allow":["GET"]}}],"collection":[{"href":"https:\/\/neurocleans.com\/index.php\/wp-json\/wp\/v2\/pages"}],"about":[{"href":"https:\/\/neurocleans.com\/index.php\/wp-json\/wp\/v2\/types\/page"}],"author":[{"embeddable":true,"href":"https:\/\/neurocleans.com\/index.php\/wp-json\/wp\/v2\/users\/2"}],"replies":[{"embeddable":true,"href":"https:\/\/neurocleans.com\/index.php\/wp-json\/wp\/v2\/comments?post=12"}],"version-history":[{"count":11,"href":"https:\/\/neurocleans.com\/index.php\/wp-json\/wp\/v2\/pages\/12\/revisions"}],"predecessor-version":[{"id":225,"href":"https:\/\/neurocleans.com\/index.php\/wp-json\/wp\/v2\/pages\/12\/revisions\/225"}],"wp:attachment":[{"href":"https:\/\/neurocleans.com\/index.php\/wp-json\/wp\/v2\/media?parent=12"}],"curies":[{"name":"wp","href":"https:\/\/api.w.org\/{rel}","templated":true}]}}