{"id":14,"date":"2025-07-22T00:30:16","date_gmt":"2025-07-22T00:30:16","guid":{"rendered":"https:\/\/neurocleans.com\/?page_id=14"},"modified":"2025-07-22T23:57:09","modified_gmt":"2025-07-22T23:57:09","slug":"como-funcionamos","status":"publish","type":"page","link":"https:\/\/neurocleans.com\/index.php\/como-funcionamos\/","title":{"rendered":"\u00bfC\u00f3mo funcionamos?"},"content":{"rendered":"\t\t<div data-elementor-type=\"wp-page\" data-elementor-id=\"14\" class=\"elementor elementor-14\">\n\t\t\t\t<div class=\"elementor-element elementor-element-340e190 e-flex e-con-boxed e-con e-parent\" data-id=\"340e190\" data-element_type=\"container\">\n\t\t\t\t\t<div class=\"e-con-inner\">\n\t\t\t\t<div class=\"elementor-element elementor-element-ac7ec86 elementor-widget elementor-widget-text-editor\" data-id=\"ac7ec86\" data-element_type=\"widget\" data-widget_type=\"text-editor.default\">\n\t\t\t\t\t\t\t\t\t<h4><span style=\"color: #00ccff;\">1.\u00a0 Evaluaci\u00f3n Inicial del Servicio<\/span><\/h4><p><span style=\"color: #00ccff;\">Realizamos una visita t\u00e9cnica o reuni\u00f3n virtual para conocer las instalaciones, evaluar las necesidades del cliente y definir los objetivos del servicio.<\/span><\/p><h4><span style=\"color: #00ccff;\">2.\u00a0 Propuesta Personalizada<\/span><\/h4><p><span style=\"color: #00ccff;\">En base a la evaluaci\u00f3n, elaboramos una cotizaci\u00f3n detallada con frecuencia, productos, maquinaria y personal requerido. Todos los presupuestos son sin costo ni compromiso.<\/span><\/p><h4><span style=\"color: #00ccff;\">3.\u00a0 Planificaci\u00f3n Operativa<\/span><\/h4><p><span style=\"color: #00ccff;\">Coordinamos el cronograma de trabajo, horarios y personal capacitado. Nos adaptamos al ritmo del cliente, sin interferir en sus operaciones diarias.<\/span><\/p><h4><span style=\"color: #00ccff;\">4.\u00a0 Ejecuci\u00f3n del Servicio<\/span><\/h4><p><span style=\"color: #00ccff;\">Nuestro equipo cumple con rigurosos protocolos de limpieza, usando insumos certificados y maquinaria profesional cuando el trabajo lo exige. Garantizamos puntualidad, discreci\u00f3n y excelencia.<\/span><\/p><h4><span style=\"color: #00ccff;\">5.\u00a0 Supervisi\u00f3n y Control de Calidad<\/span><\/h4><p><span style=\"color: #00ccff;\">Monitoreamos cada servicio con inspecciones peri\u00f3dicas y un sistema de retroalimentaci\u00f3n directa con el cliente. Nuestros supervisores aseguran el cumplimiento de los est\u00e1ndares pactados.<\/span><\/p><h4><span style=\"color: #00ccff;\">6.\u00a0 Mejora Continua<\/span><\/h4><p><span style=\"color: #00ccff;\">Ajustamos nuestros procesos seg\u00fan el feedback del cliente y los resultados observados. Nuestra meta es mejorar constantemente y ofrecer siempre un servicio de excelencia.<\/span><\/p>\t\t\t\t\t\t\t\t<\/div>\n\t\t\t\t\t<\/div>\n\t\t\t\t<\/div>\n\t\t\t\t<\/div>\n\t\t","protected":false},"excerpt":{"rendered":"<p>1.\u00a0 Evaluaci\u00f3n Inicial del Servicio Realizamos una visita t\u00e9cnica o reuni\u00f3n virtual para conocer las instalaciones, evaluar las necesidades del cliente y definir los objetivos del servicio. 2.\u00a0 Propuesta Personalizada En base a la evaluaci\u00f3n, elaboramos una cotizaci\u00f3n detallada con frecuencia, productos, maquinaria y personal requerido. Todos los presupuestos son sin costo ni compromiso. 3.\u00a0 [&hellip;]<\/p>\n","protected":false},"author":2,"featured_media":0,"parent":0,"menu_order":0,"comment_status":"closed","ping_status":"closed","template":"elementor_header_footer","meta":{"footnotes":""},"class_list":["post-14","page","type-page","status-publish","hentry"],"_links":{"self":[{"href":"https:\/\/neurocleans.com\/index.php\/wp-json\/wp\/v2\/pages\/14","targetHints":{"allow":["GET"]}}],"collection":[{"href":"https:\/\/neurocleans.com\/index.php\/wp-json\/wp\/v2\/pages"}],"about":[{"href":"https:\/\/neurocleans.com\/index.php\/wp-json\/wp\/v2\/types\/page"}],"author":[{"embeddable":true,"href":"https:\/\/neurocleans.com\/index.php\/wp-json\/wp\/v2\/users\/2"}],"replies":[{"embeddable":true,"href":"https:\/\/neurocleans.com\/index.php\/wp-json\/wp\/v2\/comments?post=14"}],"version-history":[{"count":7,"href":"https:\/\/neurocleans.com\/index.php\/wp-json\/wp\/v2\/pages\/14\/revisions"}],"predecessor-version":[{"id":228,"href":"https:\/\/neurocleans.com\/index.php\/wp-json\/wp\/v2\/pages\/14\/revisions\/228"}],"wp:attachment":[{"href":"https:\/\/neurocleans.com\/index.php\/wp-json\/wp\/v2\/media?parent=14"}],"curies":[{"name":"wp","href":"https:\/\/api.w.org\/{rel}","templated":true}]}}